{"id":1492,"date":"2021-11-18T21:17:02","date_gmt":"2021-11-18T21:17:02","guid":{"rendered":"https:\/\/hotelhaciendamerida.com\/demo\/?page_id=1492"},"modified":"2022-01-22T21:19:10","modified_gmt":"2022-01-23T03:19:10","slug":"hotel","status":"publish","type":"page","link":"https:\/\/hotelhaciendamerida.com\/en\/hotel\/","title":{"rendered":"Hotel"},"content":{"rendered":"<div class=\"vc_row wpb_row vc_row-fluid\"><div class=\"wpb_column vc_column_container vc_col-sm-12\"><div class=\"vc_column-inner\"><div class=\"wpb_wrapper\">\n\t<div class=\"wpb_text_column wpb_content_element\" >\n\t\t<div class=\"wpb_wrapper\">\n\t\t\t<p>Located AT the heart of the colonial center of the city, the Hotel Hacienda M\u00e9rida is a luxury Boutique hotel, recognized for more than 15 years as one of the best hotels in the city.<\/p>\n\n\t\t<\/div>\n\t<\/div>\n<div style=\"background-color:; height: 20px;\" class=\"nicdark_section\"><\/div>\n\t<div class=\"wpb_text_column wpb_content_element\" >\n\t\t<div class=\"wpb_wrapper\">\n\t\t\t<p><span lang=\"ES\">Built in a late 18th century PROPERTY, this historic monument has been designed to provide guests with a unique local experience, a haven of serenity, privacy and relaxation, a sanctuary within one of the most vibrant cities in Mexico. <\/span><span lang=\"ES-MX\">un refugio de serenidad, privacidad y <\/span><span lang=\"ES\">relajaci\u00f3n, <\/span><span lang=\"ES-MX\">un santuario dentro de<\/span><span lang=\"ES\"> una de las ciudades m\u00e1s vibrantes de M\u00e9xico<\/span>.<\/p>\n\n\t\t<\/div>\n\t<\/div>\n<\/div><\/div><\/div><\/div><div class=\"vc_row wpb_row vc_row-fluid hhm_services_items\"><div class=\"wpb_column vc_column_container vc_col-sm-12\"><div class=\"vc_column-inner\"><div class=\"wpb_wrapper\"><div style=\"background-color:; height: 40px;\" class=\"nicdark_section\"><\/div>\n\n    <div class=\"nd_options_section nd_options_position_relative al-hor\">\n\n        <img decoding=\"async\" style=\"top:px;\" alt=\"\" class=\"nd_options_position_absolute nd_options_left_0\" width=\"50\" src=\"https:\/\/hotelhaciendamerida.com\/wp-content\/uploads\/2021\/11\/icon-14-1.png\">\n\n        <div style=\"padding-left:70px;\" class=\"nd_options_section nd_options_box_sizing_border_box\">\n            \n            <h3 class=\"nd_options_second_font\" style=\"margin:; color:#878787; font-size:14px;line-height:14px;\">Pool<\/h3> \n             \n            \n\n        <\/div>\n\n    <\/div>\n\n  \n\n    <div class=\"nd_options_section nd_options_position_relative al-hor\">\n\n        <img decoding=\"async\" style=\"top:px;\" alt=\"\" class=\"nd_options_position_absolute nd_options_left_0\" width=\"50\" src=\"https:\/\/hotelhaciendamerida.com\/wp-content\/uploads\/2021\/11\/icon-12-1.png\">\n\n        <div style=\"padding-left:70px;\" class=\"nd_options_section nd_options_box_sizing_border_box\">\n            \n            <h3 class=\"nd_options_second_font\" style=\"margin:; color:#878787; font-size:14px;line-height:14px;\">Free WIFI<\/h3> \n             \n            \n\n        <\/div>\n\n    <\/div>\n\n  \n\n    <div class=\"nd_options_section nd_options_position_relative al-hor\">\n\n        <img decoding=\"async\" style=\"top:px;\" alt=\"\" class=\"nd_options_position_absolute nd_options_left_0\" width=\"50\" src=\"https:\/\/hotelhaciendamerida.com\/wp-content\/uploads\/2021\/11\/icon-13.png\">\n\n        <div style=\"padding-left:70px;\" class=\"nd_options_section nd_options_box_sizing_border_box\">\n            \n            <h3 class=\"nd_options_second_font\" style=\"margin:; color:#878787; font-size:14px;line-height:14px;\">Bar and cocktails<\/h3> \n             \n            \n\n        <\/div>\n\n    <\/div>\n\n  \n\n    <div class=\"nd_options_section nd_options_position_relative al-hor\">\n\n        <img decoding=\"async\" style=\"top:px;\" alt=\"\" class=\"nd_options_position_absolute nd_options_left_0\" width=\"50\" src=\"https:\/\/hotelhaciendamerida.com\/wp-content\/uploads\/2021\/11\/icon-15.png\">\n\n        <div style=\"padding-left:70px;\" class=\"nd_options_section nd_options_box_sizing_border_box\">\n            \n            <h3 class=\"nd_options_second_font\" style=\"margin:; color:#878787; font-size:14px;line-height:14px;\">Spa<\/h3> \n             \n            \n\n        <\/div>\n\n    <\/div>\n\n  \n\n    <div class=\"nd_options_section nd_options_position_relative al-hor\">\n\n        <img decoding=\"async\" style=\"top:px;\" alt=\"\" class=\"nd_options_position_absolute nd_options_left_0\" width=\"50\" src=\"https:\/\/hotelhaciendamerida.com\/wp-content\/uploads\/2017\/07\/icon-12-2.png\">\n\n        <div style=\"padding-left:70px;\" class=\"nd_options_section nd_options_box_sizing_border_box\">\n            \n            <h3 class=\"nd_options_second_font\" style=\"margin:; color:#878787; font-size:14px;line-height:14px;\">King size bed<\/h3> \n             \n            \n\n        <\/div>\n\n    <\/div>\n\n  \n\n    <div class=\"nd_options_section nd_options_position_relative al-hor\">\n\n        <img decoding=\"async\" style=\"top:px;\" alt=\"\" class=\"nd_options_position_absolute nd_options_left_0\" width=\"50\" src=\"https:\/\/hotelhaciendamerida.com\/wp-content\/uploads\/2017\/07\/icon-17.png\">\n\n        <div style=\"padding-left:70px;\" class=\"nd_options_section nd_options_box_sizing_border_box\">\n            \n            <h3 class=\"nd_options_second_font\" style=\"margin:; color:#878787; font-size:14px;line-height:14px;\">Breakfasts<\/h3> \n             \n            \n\n        <\/div>\n\n    <\/div>\n\n  <div style=\"background-color:; height: 40px;\" class=\"nicdark_section\"><\/div><\/div><\/div><\/div><\/div><div class=\"vc_row wpb_row vc_row-fluid hhm_photos\"><div class=\"wpb_column vc_column_container vc_col-sm-12\"><div class=\"vc_column-inner\"><div class=\"wpb_wrapper\"><div class=\"vc_row wpb_row vc_inner vc_row-fluid\"><div class=\"wpb_column vc_column_container vc_col-sm-4\"><div class=\"vc_column-inner\"><div class=\"wpb_wrapper\"><div style=\"background-color:; height: 10px;\" class=\"nicdark_section\"><\/div>\n\n  <!--START FOCUS-->\n  <div class=\"nd_options_section nd_options_position_relative\">\n                      \n      <img decoding=\"async\" alt=\"\" class=\"nd_options_section\" src=\"https:\/\/hotelhaciendamerida.com\/wp-content\/uploads\/2021\/12\/HOTEL-HHM-12.jpg\">\n\n      <div class=\"nd_options_bg_greydark_alpha_gradient nd_options_position_absolute nd_options_left_0 nd_options_height_100_percentage nd_options_width_100_percentage nd_options_padding_30 nd_options_box_sizing_border_box\">\n          \n          <div class=\"nd_options_display_table nd_options_width_100_percentage nd_options_height_100_percentage nd_options_text_align_center\">\n          \n              <div class=\"nd_options_display_table_cell nd_options_vertical_align_bottom\">\n            \n                <a rel=\"\" title=\"\" target=\"_self\" class=\"nd_options_color_white\" href=\"\">\n                  <h4 class=\"nd_options_margin_0_important nd_options_color_white nd_options_color_white nd_options_second_font nd_options_letter_spacing_3 nd_options_font_weight_lighter\">\n                    \n                  <\/h4>\n                <\/a>\n\n              <\/div>\n\n          <\/div>\n\n      <\/div>\n\n  <\/div>\n  <!--END FOCUS-->\n                \n\n   <div style=\"background-color:; height: 60px;\" class=\"nicdark_section\"><\/div>\n\n  <!--START FOCUS-->\n  <div class=\"nd_options_section nd_options_position_relative\">\n                      \n      <img decoding=\"async\" alt=\"\" class=\"nd_options_section\" src=\"https:\/\/hotelhaciendamerida.com\/wp-content\/uploads\/2021\/12\/HOTEL-HHM-13.jpg\">\n\n      <div class=\"nd_options_bg_greydark_alpha_gradient nd_options_position_absolute nd_options_left_0 nd_options_height_100_percentage nd_options_width_100_percentage nd_options_padding_30 nd_options_box_sizing_border_box\">\n          \n          <div class=\"nd_options_display_table nd_options_width_100_percentage nd_options_height_100_percentage nd_options_text_align_center\">\n          \n              <div class=\"nd_options_display_table_cell nd_options_vertical_align_bottom\">\n            \n                <a rel=\"\" title=\"\" target=\"_self\" class=\"nd_options_color_white\" href=\"\">\n                  <h4 class=\"nd_options_margin_0_important nd_options_color_white nd_options_color_white nd_options_second_font nd_options_letter_spacing_3 nd_options_font_weight_lighter\">\n                    \n                  <\/h4>\n                <\/a>\n\n              <\/div>\n\n          <\/div>\n\n      <\/div>\n\n  <\/div>\n  <!--END FOCUS-->\n                \n\n   <div style=\"background-color:; height: 10px;\" class=\"nicdark_section\"><\/div><\/div><\/div><\/div><div class=\"wpb_column vc_column_container vc_col-sm-4\"><div class=\"vc_column-inner\"><div class=\"wpb_wrapper\"><div style=\"background-color:; height: 10px;\" class=\"nicdark_section\"><\/div>\n\n  <!--START FOCUS-->\n  <div class=\"nd_options_section nd_options_position_relative\">\n                      \n      <img decoding=\"async\" alt=\"\" class=\"nd_options_section\" src=\"https:\/\/hotelhaciendamerida.com\/wp-content\/uploads\/2021\/12\/HOTEL-HHM-11-683x1024.jpg\">\n\n      <div class=\"nd_options_bg_greydark_alpha_gradient nd_options_position_absolute nd_options_left_0 nd_options_height_100_percentage nd_options_width_100_percentage nd_options_padding_30 nd_options_box_sizing_border_box\">\n          \n          <div class=\"nd_options_display_table nd_options_width_100_percentage nd_options_height_100_percentage nd_options_text_align_center\">\n          \n              <div class=\"nd_options_display_table_cell nd_options_vertical_align_bottom\">\n            \n                <a rel=\"\" title=\"\" target=\"_self\" class=\"nd_options_color_white\" href=\"\">\n                  <h4 class=\"nd_options_margin_0_important nd_options_color_white nd_options_color_white nd_options_second_font nd_options_letter_spacing_3 nd_options_font_weight_lighter\">\n                    \n                  <\/h4>\n                <\/a>\n\n              <\/div>\n\n          <\/div>\n\n      <\/div>\n\n  <\/div>\n  <!--END FOCUS-->\n                \n\n   <div style=\"background-color:; height: 10px;\" class=\"nicdark_section\"><\/div><\/div><\/div><\/div><div class=\"wpb_column vc_column_container vc_col-sm-4\"><div class=\"vc_column-inner\"><div class=\"wpb_wrapper\"><div style=\"background-color:; height: 10px;\" class=\"nicdark_section\"><\/div>\n\n  <!--START FOCUS-->\n  <div class=\"nd_options_section nd_options_position_relative\">\n                      \n      <img decoding=\"async\" alt=\"\" class=\"nd_options_section\" src=\"https:\/\/hotelhaciendamerida.com\/wp-content\/uploads\/2021\/12\/HOTEL-HHM-14.jpg\">\n\n      <div class=\"nd_options_bg_greydark_alpha_gradient nd_options_position_absolute nd_options_left_0 nd_options_height_100_percentage nd_options_width_100_percentage nd_options_padding_30 nd_options_box_sizing_border_box\">\n          \n          <div class=\"nd_options_display_table nd_options_width_100_percentage nd_options_height_100_percentage nd_options_text_align_center\">\n          \n              <div class=\"nd_options_display_table_cell nd_options_vertical_align_bottom\">\n            \n                <a rel=\"\" title=\"\" target=\"_self\" class=\"nd_options_color_white\" href=\"\">\n                  <h4 class=\"nd_options_margin_0_important nd_options_color_white nd_options_color_white nd_options_second_font nd_options_letter_spacing_3 nd_options_font_weight_lighter\">\n                    \n                  <\/h4>\n                <\/a>\n\n              <\/div>\n\n          <\/div>\n\n      <\/div>\n\n  <\/div>\n  <!--END FOCUS-->\n                \n\n   <div style=\"background-color:; height: 60px;\" class=\"nicdark_section\"><\/div>\n\n  <!--START FOCUS-->\n  <div class=\"nd_options_section nd_options_position_relative\">\n                      \n      <img decoding=\"async\" alt=\"\" class=\"nd_options_section\" src=\"https:\/\/hotelhaciendamerida.com\/wp-content\/uploads\/2021\/12\/HOTEL-HHM-15.jpg\">\n\n      <div class=\"nd_options_bg_greydark_alpha_gradient nd_options_position_absolute nd_options_left_0 nd_options_height_100_percentage nd_options_width_100_percentage nd_options_padding_30 nd_options_box_sizing_border_box\">\n          \n          <div class=\"nd_options_display_table nd_options_width_100_percentage nd_options_height_100_percentage nd_options_text_align_center\">\n          \n              <div class=\"nd_options_display_table_cell nd_options_vertical_align_bottom\">\n            \n                <a rel=\"\" title=\"\" target=\"_self\" class=\"nd_options_color_white\" href=\"\">\n                  <h4 class=\"nd_options_margin_0_important nd_options_color_white nd_options_color_white nd_options_second_font nd_options_letter_spacing_3 nd_options_font_weight_lighter\">\n                    \n                  <\/h4>\n                <\/a>\n\n              <\/div>\n\n          <\/div>\n\n      <\/div>\n\n  <\/div>\n  <!--END FOCUS-->\n                \n\n   <div style=\"background-color:; height: 10px;\" class=\"nicdark_section\"><\/div><\/div><\/div><\/div><\/div><\/div><\/div><\/div><\/div>","protected":false},"excerpt":{"rendered":"Localizado en el coraz\u00f3n del centro colonial de la ciudad, el Hotel Hacienda M\u00e9rida es un Boutique hotel de lujo, reconocido desde mas de 15 anos como uno de los mejores hoteles de la ciudad. Construido en una casa de finales del siglo XVIII, este monumento hist\u00f3rico ha sido dise\u00f1ado para proporcionar a los hu\u00e9spedes [...]","protected":false},"author":1,"featured_media":0,"parent":0,"menu_order":0,"comment_status":"closed","ping_status":"closed","template":"","meta":{"footnotes":""},"class_list":["post-1492","page","type-page","status-publish","hentry"],"_links":{"self":[{"href":"https:\/\/hotelhaciendamerida.com\/en\/wp-json\/wp\/v2\/pages\/1492","targetHints":{"allow":["GET"]}}],"collection":[{"href":"https:\/\/hotelhaciendamerida.com\/en\/wp-json\/wp\/v2\/pages"}],"about":[{"href":"https:\/\/hotelhaciendamerida.com\/en\/wp-json\/wp\/v2\/types\/page"}],"author":[{"embeddable":true,"href":"https:\/\/hotelhaciendamerida.com\/en\/wp-json\/wp\/v2\/users\/1"}],"replies":[{"embeddable":true,"href":"https:\/\/hotelhaciendamerida.com\/en\/wp-json\/wp\/v2\/comments?post=1492"}],"version-history":[{"count":0,"href":"https:\/\/hotelhaciendamerida.com\/en\/wp-json\/wp\/v2\/pages\/1492\/revisions"}],"wp:attachment":[{"href":"https:\/\/hotelhaciendamerida.com\/en\/wp-json\/wp\/v2\/media?parent=1492"}],"curies":[{"name":"wp","href":"https:\/\/api.w.org\/{rel}","templated":true}]}}