{"id":249,"date":"2017-07-13T14:55:27","date_gmt":"2017-07-13T14:55:27","guid":{"rendered":"http:\/\/www.nicdarkthemes.com\/themes\/hotel\/wp\/demo\/?page_id=249"},"modified":"2023-10-18T14:33:36","modified_gmt":"2023-10-18T19:33:36","slug":"footer","status":"publish","type":"page","link":"https:\/\/hotelhaciendamerida.com\/en\/footer\/","title":{"rendered":"Footer"},"content":{"rendered":"<div data-vc-full-width=\"true\" data-vc-full-width-init=\"false\" class=\"vc_row wpb_row vc_row-fluid vc_custom_1640976964781 vc_row-has-fill vc_row-o-content-middle vc_row-flex\"><div class=\"wpb_column vc_column_container vc_col-sm-6\"><div class=\"vc_column-inner\"><div class=\"wpb_wrapper\"><div  class=\"vc_wp_text wpb_content_element\"><div class=\"widget widget_text\">\t\t\t<div class=\"textwidget\"><\/p>\n<p class=\"nd_options_second_font\"><a class=\"nd_options_second_font\" style=\"color: #ffffff;\" href=\"tel:9999244363\">Phone: +52 (999) 924 4363<\/a><\/p>\n<p>\n<\/div>\n\t\t<\/div><\/div> <p style=\"color:#fffcfc; padding:px; text-align:; font-size:13px; line-height:px; letter-spacing: px; font-weight:;\" class=\"nd_options_second_font\">Street 62 #339 x 51 y 53 Centro. M\u00e9rida, Yucat\u00e1n. 97000<\/p> <div  class=\"vc_wp_text wpb_content_element\"><div class=\"widget widget_text\">\t\t\t<div class=\"textwidget\"><\/p>\n<p class=\"nd_options_second_font\" style=\"color: #ffffff;\">Email: <a class=\"nd_options_second_font\" style=\"color: #ffffff;\" href=\"mailto:info@hotelhaciendamerida.com\">info@hotelhaciendamerida.com<\/a><\/p>\n<p>\n<\/div>\n\t\t<\/div><\/div><\/div><\/div><\/div><div class=\"followus wpb_column vc_column_container vc_col-sm-3\" id=\"followus\"><div class=\"vc_column-inner\"><div class=\"wpb_wrapper\"> <h3 style=\"color:#ffffff; padding:px; text-align:; font-size:20px; line-height:20px; letter-spacing: px; font-weight:;\" class=\"nd_options_first_font\">Follow Us:<\/h3> \n\t\n\t<a style=\"margin:0px 20px 0px 0px; border: px solid ; border-radius:px; background-color:; padding:; \" rel=\"\" target=\"_blank\" href=\"https:\/\/www.facebook.com\/Hotel-Hacienda-Merida-152123021495361\" class=\"nicdark_display_inline_block nd_options_float_left\"><img decoding=\"async\" class=\"nd_options_float_left\" alt=\"\" width=\"20\" src=\"https:\/\/hotelhaciendamerida.com\/wp-content\/uploads\/2017\/07\/icon-6.png\"><\/a>\n\t\n\n\t\n\t<a style=\"margin:0px 20px 0px 0px; border: px solid ; border-radius:px; background-color:; padding:; \" rel=\"\" target=\"_blank\" href=\"https:\/\/www.instagram.com\/hotelhaciendamerida\/\" class=\"nicdark_display_inline_block nd_options_float_left\"><img decoding=\"async\" class=\"nd_options_float_left\" alt=\"\" width=\"20\" src=\"https:\/\/hotelhaciendamerida.com\/wp-content\/uploads\/2017\/07\/icon-4.png\"><\/a>\n\t\n<\/div><\/div><\/div><div class=\"wpb_column vc_column_container vc_col-sm-3\"><div class=\"vc_column-inner\"><div class=\"wpb_wrapper\">\n\t<div  class=\"wpb_single_image wpb_content_element vc_align_center  vc_custom_1642904450484\">\n\t\t\n\t\t<figure class=\"wpb_wrapper vc_figure\">\n\t\t\t<a href=\"https:\/\/vip.hotelhaciendamerida.com\/hotel\" target=\"_self\" class=\"vc_single_image-wrapper   vc_box_border_grey\"><img loading=\"lazy\" decoding=\"async\" class=\"vc_single_image-img\" src=\"https:\/\/hotelhaciendamerida.com\/wp-content\/uploads\/2021\/11\/logo-hhm-vip-1-200x60.png\" width=\"200\" height=\"60\" alt=\"logo-hhm-vip\" title=\"logo-hhm-vip\" \/><\/a>\n\t\t<\/figure>\n\t<\/div>\n<\/div><\/div><\/div><\/div><div class=\"vc_row-full-width vc_clearfix\"><\/div><div data-vc-full-width=\"true\" data-vc-full-width-init=\"false\" class=\"vc_row wpb_row vc_row-fluid vc_custom_1637969457915 vc_row-has-fill vc_row-o-content-middle vc_row-flex\"><div class=\"wpb_column vc_column_container vc_col-sm-12\"><div class=\"vc_column-inner vc_custom_1637271360538\"><div class=\"wpb_wrapper\"><div  class=\"vc_wp_text wpb_content_element\"><div class=\"widget widget_text\">\t\t\t<div class=\"textwidget\"><p>\u00a9 2022. Hotel Hacienda M\u00e9rida &#8211;\u00a0 <a href=\"https:\/\/hotelhaciendamerida.com\/en\/aviso-de-privacidad\/\">Privacy Policy<\/a><\/p>\n<\/div>\n\t\t<\/div><\/div><\/div><\/div><\/div><\/div><div class=\"vc_row-full-width vc_clearfix\"><\/div>","protected":false},"excerpt":{"rendered":"Tel\u00e9fono: +52 (999) 924 4363 Calle 62 #339 x 51 y 53 Col. Centro. M\u00e9rida, Yucat\u00e1n. 97000 Email: info@hotelhaciendamerida.com S\u00edguenos: \u00a9 2022. Hotel Hacienda M\u00e9rida -\u00a0 Aviso de Privacidad","protected":false},"author":1,"featured_media":0,"parent":0,"menu_order":0,"comment_status":"closed","ping_status":"closed","template":"","meta":{"footnotes":""},"class_list":["post-249","page","type-page","status-publish","hentry"],"_links":{"self":[{"href":"https:\/\/hotelhaciendamerida.com\/en\/wp-json\/wp\/v2\/pages\/249","targetHints":{"allow":["GET"]}}],"collection":[{"href":"https:\/\/hotelhaciendamerida.com\/en\/wp-json\/wp\/v2\/pages"}],"about":[{"href":"https:\/\/hotelhaciendamerida.com\/en\/wp-json\/wp\/v2\/types\/page"}],"author":[{"embeddable":true,"href":"https:\/\/hotelhaciendamerida.com\/en\/wp-json\/wp\/v2\/users\/1"}],"replies":[{"embeddable":true,"href":"https:\/\/hotelhaciendamerida.com\/en\/wp-json\/wp\/v2\/comments?post=249"}],"version-history":[{"count":0,"href":"https:\/\/hotelhaciendamerida.com\/en\/wp-json\/wp\/v2\/pages\/249\/revisions"}],"wp:attachment":[{"href":"https:\/\/hotelhaciendamerida.com\/en\/wp-json\/wp\/v2\/media?parent=249"}],"curies":[{"name":"wp","href":"https:\/\/api.w.org\/{rel}","templated":true}]}}